{"id":2901,"date":"2015-11-18T08:34:00","date_gmt":"2015-11-18T08:34:00","guid":{"rendered":"http:\/\/demo.thimpress.com\/eduma\/?page_id=2901"},"modified":"2026-05-08T16:37:04","modified_gmt":"2026-05-08T16:37:04","slug":"about-us","status":"publish","type":"page","link":"https:\/\/dev.indyli-services.com\/?page_id=2901","title":{"rendered":"About Us"},"content":{"rendered":"\t\t<div data-elementor-type=\"wp-post\" data-elementor-id=\"2901\" class=\"elementor elementor-2901\">\n\t\t\t\t<div class=\"elementor-element elementor-element-107fcbd e-flex e-con-boxed e-con e-parent\" data-id=\"107fcbd\" data-element_type=\"container\" data-e-type=\"container\" data-settings=\"{&quot;background_background&quot;:&quot;classic&quot;}\">\n\t\t\t\t\t<div class=\"e-con-inner\">\n\t\t\t\t<div class=\"elementor-element elementor-element-fae55d8 thim-ekits-heading-text-left elementor-widget thim-ekits-heading elementor-widget-thim-heading\" data-id=\"fae55d8\" data-element_type=\"widget\" data-e-type=\"widget\" data-widget_type=\"thim-heading.default\">\n\t\t\t\t<div class=\"elementor-widget-container\">\n\t\t\t\t\t<div class=\"sc_heading text-left\"><h1 class=\"title\">\u00c0 propos de nous <\/h1><div class=\"sub-heading\"><p>Notre plaisir r\u00e9side dans le service que nous offrons<\/p>\n<\/div><\/div>\t\t\t\t<\/div>\n\t\t\t\t<\/div>\n\t\t\t\t\t<\/div>\n\t\t\t\t<\/div>\n\t\t<div class=\"elementor-element elementor-element-1a7bac3 e-flex e-con-boxed e-con e-parent\" data-id=\"1a7bac3\" data-element_type=\"container\" data-e-type=\"container\">\n\t\t\t\t\t<div class=\"e-con-inner\">\n\t\t<div class=\"elementor-element elementor-element-1a5b725 e-con-full e-flex e-con e-child\" data-id=\"1a5b725\" data-element_type=\"container\" data-e-type=\"container\">\n\t\t\t\t<div class=\"elementor-element elementor-element-532e1af elementor-widget__width-initial elementor-widget-mobile__width-inherit elementor-widget elementor-widget-text-editor\" data-id=\"532e1af\" data-element_type=\"widget\" data-e-type=\"widget\" data-widget_type=\"text-editor.default\">\n\t\t\t\t\t\t\t\t\t<p>Entreprise tech sp\u00e9cialis\u00e9e en\u00a0<strong>conception et d\u00e9veloppement logiciel<\/strong>,\u00a0<strong>formation &amp; supports<\/strong>\u00a0et\u00a0<strong>int\u00e9gration des solutions<\/strong>, nous accompagnons les organisations dans leur transformation digitale avec des outils sur mesure, une mont\u00e9e en comp\u00e9tence de leurs \u00e9quipes et une int\u00e9gration fluide dans leurs syst\u00e8mes existants. Notre credo : une technologie humaine, fiable et au service de vos ambitions.<\/p>\t\t\t\t\t\t\t\t<\/div>\n\t\t\t\t<div class=\"elementor-element elementor-element-ce11ab4 elementor-widget__width-initial elementor-widget-mobile__width-inherit elementor-widget elementor-widget-text-editor\" data-id=\"ce11ab4\" data-element_type=\"widget\" data-e-type=\"widget\" data-widget_type=\"text-editor.default\">\n\t\t\t\t\t\t\t\t\t<p>Gr\u00e2ce \u00e0 nos services vari\u00e9s \u2014 syst\u00e8mes d\u2019information, formations, int\u00e9gration, audit et d\u00e9veloppement \u2014 et \u00e0 plusieurs ann\u00e9es d\u2019exp\u00e9rience aupr\u00e8s d\u2019entreprises de secteurs divers, nous vous proposons des solutions sur mesure, parfaitement adapt\u00e9es \u00e0 vos besoins et \u00e0 l\u2019\u00e9volution de votre m\u00e9tier. Notre engagement : un accompagnement personnalis\u00e9, agile et au plus pr\u00e8s de vos ambitions.<\/p>\t\t\t\t\t\t\t\t<\/div>\n\t\t\t\t<\/div>\n\t\t<div class=\"elementor-element elementor-element-945807d e-con-full e-flex e-con e-child\" data-id=\"945807d\" data-element_type=\"container\" data-e-type=\"container\" data-settings=\"{&quot;background_background&quot;:&quot;classic&quot;}\">\n\t\t\t\t<div class=\"elementor-element elementor-element-dcbb006 elementor-widget elementor-widget-thim-video\" data-id=\"dcbb006\" data-element_type=\"widget\" data-e-type=\"widget\" data-widget_type=\"thim-video.default\">\n\t\t\t\t<div class=\"elementor-widget-container\">\n\t\t\t\t\t\n<div class=\"thim-video-popup\" >\n\t<div class=\"video-info\">\n\t\t<a class=\"button-popup\" href=\"#popup-id4921\"><i class=\"edu-play\"><\/i><\/a>\n\t\t\t<\/div>\n\t<div class=\"video-content mfp-hide\" id=\"popup-id4921\">\n\t\t<div class=\"video\"><iframe id=\"thim-video\" width=\"100%\" height=\"500\" src=\"https:\/\/www.youtube.com\/embed\/rRWPl5-Hb4k\" allowfullscreen style=\"border: 0;\"><\/iframe><\/div>\t<\/div>\n<\/div>\n\t\t\t\t<\/div>\n\t\t\t\t<\/div>\n\t\t\t\t<\/div>\n\t\t\t\t\t<\/div>\n\t\t\t\t<\/div>\n\t\t<div class=\"elementor-element elementor-element-e1382bc e-flex e-con-boxed e-con e-parent\" data-id=\"e1382bc\" data-element_type=\"container\" data-e-type=\"container\">\n\t\t\t\t\t<div class=\"e-con-inner\">\n\t\t\t\t<div class=\"elementor-element elementor-element-0b9a33e thim-ekits-heading-text-center elementor-widget thim-ekits-heading elementor-widget-thim-heading\" data-id=\"0b9a33e\" data-element_type=\"widget\" data-e-type=\"widget\" data-widget_type=\"thim-heading.default\">\n\t\t\t\t<div class=\"elementor-widget-container\">\n\t\t\t\t\t<div class=\"sc_heading text-center\"><div class=\"sub-heading\"><p>FOIRE AUX QUESTIONS<\/p>\n<\/div><h2 class=\"title\">G\u00e9n\u00e9ralit\u00e9s <span class=\"thim-color\"> Question <\/span> <\/h2><\/div>\t\t\t\t<\/div>\n\t\t\t\t<\/div>\n\t\t<div class=\"elementor-element elementor-element-1d17aa4 e-con-full e-flex e-con e-child\" data-id=\"1d17aa4\" data-element_type=\"container\" data-e-type=\"container\">\n\t\t\t\t<div class=\"elementor-element elementor-element-5a7bddd elementor-widget elementor-widget-n-accordion\" data-id=\"5a7bddd\" data-element_type=\"widget\" data-e-type=\"widget\" data-settings=\"{&quot;default_state&quot;:&quot;expanded&quot;,&quot;max_items_expended&quot;:&quot;one&quot;,&quot;n_accordion_animation_duration&quot;:{&quot;unit&quot;:&quot;ms&quot;,&quot;size&quot;:400,&quot;sizes&quot;:[]}}\" data-widget_type=\"nested-accordion.default\">\n\t\t\t\t\t\t\t<div class=\"e-n-accordion\" aria-label=\"Accordion. Open links with Enter or Space, close with Escape, and navigate with Arrow Keys\">\n\t\t\t\t\t\t<details id=\"e-n-accordion-item-9480\" class=\"e-n-accordion-item\" open>\n\t\t\t\t<summary class=\"e-n-accordion-item-title\" data-accordion-index=\"1\" tabindex=\"0\" aria-expanded=\"true\" aria-controls=\"e-n-accordion-item-9480\" >\n\t\t\t\t\t<span class='e-n-accordion-item-title-header'><h5 class=\"e-n-accordion-item-title-text\"> Travaillez-vous uniquement avec les grandes entreprises ou aussi avec les PME et startups ? <\/h5><\/span>\n\t\t\t\t\t\t\t<span class='e-n-accordion-item-title-icon'>\n\t\t\t<span class='e-opened' ><svg xmlns=\"http:\/\/www.w3.org\/2000\/svg\" width=\"20\" height=\"21\" viewBox=\"0 0 20 21\" fill=\"none\"><path d=\"M4.16669 10.5H15.8334\" stroke=\"#000927\" stroke-width=\"2\" stroke-linecap=\"round\" stroke-linejoin=\"round\"><\/path><\/svg><\/span>\n\t\t\t<span class='e-closed'><i aria-hidden=\"true\" class=\"tk tk-questions\"><\/i><\/span>\n\t\t<\/span>\n\n\t\t\t\t\t\t<\/summary>\n\t\t\t\t<div role=\"region\" aria-labelledby=\"e-n-accordion-item-9480\" class=\"elementor-element elementor-element-4f7bc52 e-con-full e-flex e-con e-child\" data-id=\"4f7bc52\" data-element_type=\"container\" data-e-type=\"container\">\n\t\t\t\t<div class=\"elementor-element elementor-element-6e6052d elementor-widget elementor-widget-text-editor\" data-id=\"6e6052d\" data-element_type=\"widget\" data-e-type=\"widget\" data-widget_type=\"text-editor.default\">\n\t\t\t\t\t\t\t\t\t<div align=\"justify\">Non, <strong>Indyli-Services<\/strong> accompagne aussi bien les grandes entreprises que les PME, startups et porteurs de projets. Chaque structure a des besoins sp\u00e9cifiques, c\u2019est pourquoi nous adaptons notre approche en fonction de votre taille, de vos objectifs et de votre budget.<\/div>\t\t\t\t\t\t\t\t<\/div>\n\t\t\t\t<\/div>\n\t\t\t\t\t<\/details>\n\t\t\t\t\t\t<details id=\"e-n-accordion-item-9481\" class=\"e-n-accordion-item\" >\n\t\t\t\t<summary class=\"e-n-accordion-item-title\" data-accordion-index=\"2\" tabindex=\"-1\" aria-expanded=\"false\" aria-controls=\"e-n-accordion-item-9481\" >\n\t\t\t\t\t<span class='e-n-accordion-item-title-header'><h5 class=\"e-n-accordion-item-title-text\"> Pouvez-vous d\u00e9velopper une solution sur mesure adapt\u00e9e \u00e0 mon activit\u00e9 ? <\/h5><\/span>\n\t\t\t\t\t\t\t<span class='e-n-accordion-item-title-icon'>\n\t\t\t<span class='e-opened' ><svg xmlns=\"http:\/\/www.w3.org\/2000\/svg\" width=\"20\" height=\"21\" viewBox=\"0 0 20 21\" fill=\"none\"><path d=\"M4.16669 10.5H15.8334\" stroke=\"#000927\" stroke-width=\"2\" stroke-linecap=\"round\" stroke-linejoin=\"round\"><\/path><\/svg><\/span>\n\t\t\t<span class='e-closed'><i aria-hidden=\"true\" class=\"tk tk-questions\"><\/i><\/span>\n\t\t<\/span>\n\n\t\t\t\t\t\t<\/summary>\n\t\t\t\t<div role=\"region\" aria-labelledby=\"e-n-accordion-item-9481\" class=\"elementor-element elementor-element-a772a6f e-con-full e-flex e-con e-child\" data-id=\"a772a6f\" data-element_type=\"container\" data-e-type=\"container\">\n\t\t\t\t<div class=\"elementor-element elementor-element-afd33ce elementor-widget elementor-widget-text-editor\" data-id=\"afd33ce\" data-element_type=\"widget\" data-e-type=\"widget\" data-widget_type=\"text-editor.default\">\n\t\t\t\t\t\t\t\t\t<div align=\"justify\">Oui. Nous concevons des solutions digitales enti\u00e8rement personnalis\u00e9es selon vos besoins m\u00e9tier : applications web, plateformes m\u00e9tiers, automatisation de processus, outils internes, solutions RH, ERP, CRM, et bien plus encore. Notre objectif est de cr\u00e9er un outil r\u00e9ellement utile \u00e0 votre croissance.<\/div>\t\t\t\t\t\t\t\t<\/div>\n\t\t\t\t<\/div>\n\t\t\t\t\t<\/details>\n\t\t\t\t\t\t<details id=\"e-n-accordion-item-9482\" class=\"e-n-accordion-item\" >\n\t\t\t\t<summary class=\"e-n-accordion-item-title\" data-accordion-index=\"3\" tabindex=\"-1\" aria-expanded=\"false\" aria-controls=\"e-n-accordion-item-9482\" >\n\t\t\t\t\t<span class='e-n-accordion-item-title-header'><h5 class=\"e-n-accordion-item-title-text\"> Proposez-vous des formations pour permettre \u00e0 nos \u00e9quipes de mieux utiliser les outils livr\u00e9s ? <\/h5><\/span>\n\t\t\t\t\t\t\t<span class='e-n-accordion-item-title-icon'>\n\t\t\t<span class='e-opened' ><svg xmlns=\"http:\/\/www.w3.org\/2000\/svg\" width=\"20\" height=\"21\" viewBox=\"0 0 20 21\" fill=\"none\"><path d=\"M4.16669 10.5H15.8334\" stroke=\"#000927\" stroke-width=\"2\" stroke-linecap=\"round\" stroke-linejoin=\"round\"><\/path><\/svg><\/span>\n\t\t\t<span class='e-closed'><i aria-hidden=\"true\" class=\"tk tk-questions\"><\/i><\/span>\n\t\t<\/span>\n\n\t\t\t\t\t\t<\/summary>\n\t\t\t\t<div role=\"region\" aria-labelledby=\"e-n-accordion-item-9482\" class=\"elementor-element elementor-element-6b170dc e-con-full e-flex e-con e-child\" data-id=\"6b170dc\" data-element_type=\"container\" data-e-type=\"container\">\n\t\t\t\t<div class=\"elementor-element elementor-element-089146a elementor-widget elementor-widget-text-editor\" data-id=\"089146a\" data-element_type=\"widget\" data-e-type=\"widget\" data-widget_type=\"text-editor.default\">\n\t\t\t\t\t\t\t\t\t<div align=\"justify\">Oui. Nous proposons des formations adapt\u00e9es \u00e0 vos \u00e9quipes afin de garantir une bonne prise en main des solutions d\u00e9ploy\u00e9es. Nous intervenons aussi bien sur l\u2019utilisation fonctionnelle que sur certains aspects techniques selon vos besoins.<\/div>\t\t\t\t\t\t\t\t<\/div>\n\t\t\t\t<\/div>\n\t\t\t\t\t<\/details>\n\t\t\t\t\t\t<details id=\"e-n-accordion-item-9483\" class=\"e-n-accordion-item\" >\n\t\t\t\t<summary class=\"e-n-accordion-item-title\" data-accordion-index=\"4\" tabindex=\"-1\" aria-expanded=\"false\" aria-controls=\"e-n-accordion-item-9483\" >\n\t\t\t\t\t<span class='e-n-accordion-item-title-header'><h5 class=\"e-n-accordion-item-title-text\"> Quels sont vos d\u00e9lais de r\u00e9ponse pour une nouvelle demande ? <\/h5><\/span>\n\t\t\t\t\t\t\t<span class='e-n-accordion-item-title-icon'>\n\t\t\t<span class='e-opened' ><svg xmlns=\"http:\/\/www.w3.org\/2000\/svg\" width=\"20\" height=\"21\" viewBox=\"0 0 20 21\" fill=\"none\"><path d=\"M4.16669 10.5H15.8334\" stroke=\"#000927\" stroke-width=\"2\" stroke-linecap=\"round\" stroke-linejoin=\"round\"><\/path><\/svg><\/span>\n\t\t\t<span class='e-closed'><i aria-hidden=\"true\" class=\"tk tk-questions\"><\/i><\/span>\n\t\t<\/span>\n\n\t\t\t\t\t\t<\/summary>\n\t\t\t\t<div role=\"region\" aria-labelledby=\"e-n-accordion-item-9483\" class=\"elementor-element elementor-element-5f4aa48 e-con-full e-flex e-con e-child\" data-id=\"5f4aa48\" data-element_type=\"container\" data-e-type=\"container\">\n\t\t\t\t<div class=\"elementor-element elementor-element-d474650 elementor-widget elementor-widget-text-editor\" data-id=\"d474650\" data-element_type=\"widget\" data-e-type=\"widget\" data-widget_type=\"text-editor.default\">\n\t\t\t\t\t\t\t\t\t<div align=\"justify\">Nous nous effor\u00e7ons de r\u00e9pondre rapidement \u00e0 toute nouvelle demande, g\u00e9n\u00e9ralement sous 24 \u00e0 48 heures ouvr\u00e9es. Pour les demandes urgentes ou les besoins critiques, notre \u00e9quipe met en place un traitement prioritaire afin d\u2019assurer une prise en charge rapide.<\/div>\t\t\t\t\t\t\t\t<\/div>\n\t\t\t\t<\/div>\n\t\t\t\t\t<\/details>\n\t\t\t\t\t<\/div>\n\t\t\t\t\t<script type=\"application\/ld+json\">{\"@context\":\"https:\\\/\\\/schema.org\",\"@type\":\"FAQPage\",\"mainEntity\":[{\"@type\":\"Question\",\"name\":\"Travaillez-vous uniquement avec les grandes entreprises ou aussi avec les PME et startups ?\",\"acceptedAnswer\":{\"@type\":\"Answer\",\"text\":\"Non, Indyli-Services accompagne aussi bien les grandes entreprises que les PME, startups et porteurs de projets. Chaque structure a des besoins sp\\u00e9cifiques, c\\u2019est pourquoi nous adaptons notre approche en fonction de votre taille, de vos objectifs et de votre budget.\"}},{\"@type\":\"Question\",\"name\":\"Pouvez-vous d\\u00e9velopper une solution sur mesure adapt\\u00e9e \\u00e0 mon activit\\u00e9 ?\",\"acceptedAnswer\":{\"@type\":\"Answer\",\"text\":\"Oui. Nous concevons des solutions digitales enti\\u00e8rement personnalis\\u00e9es selon vos besoins m\\u00e9tier : applications web, plateformes m\\u00e9tiers, automatisation de processus, outils internes, solutions RH, ERP, CRM, et bien plus encore. Notre objectif est de cr\\u00e9er un outil r\\u00e9ellement utile \\u00e0 votre croissance.\"}},{\"@type\":\"Question\",\"name\":\"Proposez-vous des formations pour permettre \\u00e0 nos \\u00e9quipes de mieux utiliser les outils livr\\u00e9s ?\",\"acceptedAnswer\":{\"@type\":\"Answer\",\"text\":\"Oui. Nous proposons des formations adapt\\u00e9es \\u00e0 vos \\u00e9quipes afin de garantir une bonne prise en main des solutions d\\u00e9ploy\\u00e9es. Nous intervenons aussi bien sur l\\u2019utilisation fonctionnelle que sur certains aspects techniques selon vos besoins.\"}},{\"@type\":\"Question\",\"name\":\"Quels sont vos d\\u00e9lais de r\\u00e9ponse pour une nouvelle demande ?\",\"acceptedAnswer\":{\"@type\":\"Answer\",\"text\":\"Nous nous effor\\u00e7ons de r\\u00e9pondre rapidement \\u00e0 toute nouvelle demande, g\\u00e9n\\u00e9ralement sous 24 \\u00e0 48 heures ouvr\\u00e9es. Pour les demandes urgentes ou les besoins critiques, notre \\u00e9quipe met en place un traitement prioritaire afin d\\u2019assurer une prise en charge rapide.\"}}]}<\/script>\n\t\t\t\t\t\t\t<\/div>\n\t\t<div class=\"elementor-element elementor-element-326ab3b e-con-full e-flex e-con e-child\" data-id=\"326ab3b\" data-element_type=\"container\" data-e-type=\"container\" data-settings=\"{&quot;background_background&quot;:&quot;classic&quot;}\">\n\t\t\t\t<div class=\"elementor-element elementor-element-bff50eb elementor-widget thim-ekits-heading elementor-widget-thim-heading\" data-id=\"bff50eb\" data-element_type=\"widget\" data-e-type=\"widget\" data-widget_type=\"thim-heading.default\">\n\t\t\t\t<div class=\"elementor-widget-container\">\n\t\t\t\t\t<div class=\"sc_heading\"><h5 class=\"title\">Do you have any other questions? <\/h5><\/div>\t\t\t\t<\/div>\n\t\t\t\t<\/div>\n\t\t\t\t<div class=\"elementor-element elementor-element-e5dc4b2 elementor-widget elementor-widget-thim-ekits-contact-form-7\" data-id=\"e5dc4b2\" data-element_type=\"widget\" data-e-type=\"widget\" data-widget_type=\"thim-ekits-contact-form-7.default\">\n\t\t\t\t<div class=\"elementor-widget-container\">\n\t\t\t\t\t\t\t\t<div class=\"thim-ekit-wpcf7\">\n\t\t\t\t\n<div class=\"wpcf7 no-js\" id=\"wpcf7-f14669-o1\" lang=\"en-US\" dir=\"ltr\" data-wpcf7-id=\"14669\">\n<div class=\"screen-reader-response\"><p role=\"status\" aria-live=\"polite\" aria-atomic=\"true\"><\/p> <ul><\/ul><\/div>\n<form action=\"\/index.php?rest_route=%2Fwp%2Fv2%2Fpages%2F2901#wpcf7-f14669-o1\" method=\"post\" class=\"wpcf7-form init\" aria-label=\"Contact form\" novalidate=\"novalidate\" data-status=\"init\">\n<fieldset class=\"hidden-fields-container\"><input type=\"hidden\" name=\"_wpcf7\" value=\"14669\" \/><input type=\"hidden\" name=\"_wpcf7_version\" value=\"6.1.5\" \/><input type=\"hidden\" name=\"_wpcf7_locale\" value=\"en_US\" \/><input type=\"hidden\" name=\"_wpcf7_unit_tag\" value=\"wpcf7-f14669-o1\" \/><input type=\"hidden\" name=\"_wpcf7_container_post\" value=\"0\" \/><input type=\"hidden\" name=\"_wpcf7_posted_data_hash\" value=\"\" \/>\n<\/fieldset>\n<p><span class=\"wpcf7-form-control-wrap\" data-name=\"your-name\"><input size=\"40\" maxlength=\"400\" class=\"wpcf7-form-control wpcf7-text wpcf7-validates-as-required\" aria-required=\"true\" aria-invalid=\"false\" placeholder=\"Name *\" value=\"\" type=\"text\" name=\"your-name\" \/><\/span>\n<\/p>\n<p><span class=\"wpcf7-form-control-wrap\" data-name=\"your-email\"><input size=\"40\" maxlength=\"400\" class=\"wpcf7-form-control wpcf7-email wpcf7-validates-as-required wpcf7-text wpcf7-validates-as-email\" aria-required=\"true\" aria-invalid=\"false\" placeholder=\"Email *\" value=\"\" type=\"email\" name=\"your-email\" \/><\/span>\n<\/p>\n<p><span class=\"wpcf7-form-control-wrap\" data-name=\"your-message\"><textarea cols=\"40\" rows=\"10\" maxlength=\"2000\" class=\"wpcf7-form-control wpcf7-textarea\" aria-invalid=\"false\" placeholder=\"Question *\" name=\"your-message\"><\/textarea><\/span>\n<\/p>\n<p><input class=\"wpcf7-form-control wpcf7-submit has-spinner\" type=\"submit\" value=\"Send\" \/>\n<\/p><div class=\"wpcf7-response-output\" aria-hidden=\"true\"><\/div>\n<\/form>\n<\/div>\n\t\t\t<\/div>\n\t\t\t\t\t\t<\/div>\n\t\t\t\t<\/div>\n\t\t\t\t<\/div>\n\t\t\t\t<\/div>\n\t\t\t\t\t<\/div>\n\t\t\t\t<\/div>\n\t\t\t\t<\/div>\n\t\t","protected":false},"excerpt":{"rendered":"<p>\u00c0 propos de nous Notre plaisir r\u00e9side dans le service que nous offrons Entreprise tech sp\u00e9cialis\u00e9e en\u00a0conception et d\u00e9veloppement logiciel,\u00a0formation &amp; supports\u00a0et\u00a0int\u00e9gration des solutions, nous accompagnons les organisations dans leur transformation digitale avec des outils sur mesure, une mont\u00e9e en &hellip; <\/p>\n","protected":false},"author":1,"featured_media":0,"parent":0,"menu_order":0,"comment_status":"closed","ping_status":"closed","template":"elementor_header_footer","meta":{"footnotes":""},"class_list":["post-2901","page","type-page","status-publish","hentry"],"_links":{"self":[{"href":"https:\/\/dev.indyli-services.com\/index.php?rest_route=\/wp\/v2\/pages\/2901","targetHints":{"allow":["GET"]}}],"collection":[{"href":"https:\/\/dev.indyli-services.com\/index.php?rest_route=\/wp\/v2\/pages"}],"about":[{"href":"https:\/\/dev.indyli-services.com\/index.php?rest_route=\/wp\/v2\/types\/page"}],"author":[{"embeddable":true,"href":"https:\/\/dev.indyli-services.com\/index.php?rest_route=\/wp\/v2\/users\/1"}],"replies":[{"embeddable":true,"href":"https:\/\/dev.indyli-services.com\/index.php?rest_route=%2Fwp%2Fv2%2Fcomments&post=2901"}],"version-history":[{"count":24,"href":"https:\/\/dev.indyli-services.com\/index.php?rest_route=\/wp\/v2\/pages\/2901\/revisions"}],"predecessor-version":[{"id":32665,"href":"https:\/\/dev.indyli-services.com\/index.php?rest_route=\/wp\/v2\/pages\/2901\/revisions\/32665"}],"wp:attachment":[{"href":"https:\/\/dev.indyli-services.com\/index.php?rest_route=%2Fwp%2Fv2%2Fmedia&parent=2901"}],"curies":[{"name":"wp","href":"https:\/\/api.w.org\/{rel}","templated":true}]}}